{"id":914,"date":"2017-02-13T14:23:26","date_gmt":"2017-02-13T14:23:26","guid":{"rendered":"http:\/\/waneptogo.org\/site\/?page_id=914"},"modified":"2025-07-04T14:23:39","modified_gmt":"2025-07-04T14:23:39","slug":"epnv-education-a-la-paix-et-a-la-non-violence","status":"publish","type":"page","link":"https:\/\/waneptogo.org\/site\/epnv-education-a-la-paix-et-a-la-non-violence\/","title":{"rendered":"Jeunesse &#8211; Paix &#8211; S\u00e9curit\u00e9 (JPS)"},"content":{"rendered":"<p>Le Programme \u00ab Jeunesse, Paix et S\u00e9curit\u00e9 \u00bb de WANEP-TOGO s\u2019inscrit dans une dynamique r\u00e9gionale et internationale qui reconna\u00eet le r\u00f4le central des jeunes dans la consolidation de la paix et la promotion de soci\u00e9t\u00e9s stables, justes et inclusives. Fond\u00e9 sur la R\u00e9solution 2250 du Conseil de S\u00e9curit\u00e9 des Nations Unies, ce programme constitue une r\u00e9ponse strat\u00e9gique \u00e0 la n\u00e9cessit\u00e9 d\u2019impliquer davantage les jeunes dans les processus d\u00e9cisionnels et les m\u00e9canismes de pr\u00e9vention, de gestion et de transformation des conflits.<\/p>\n<p>WANEP-TOGO met en \u0153uvre ce programme \u00e0 travers des actions multiformes, participatives et structur\u00e9es qui visent \u00e0 :<\/p>\n<ol>\n<li>Promouvoir la participation active des jeunes dans les instances de gouvernance locale et nationale, en renfor\u00e7ant leur leadership, leurs comp\u00e9tences citoyennes et leur engagement pour le bien commun ;<\/li>\n<li>Encourager l\u2019implication des jeunes \u2013 filles et gar\u00e7ons, scolaris\u00e9s ou non \u2013 dans les initiatives de pr\u00e9vention des conflits, de m\u00e9diation communautaire et de promotion de la paix \u00e0 travers des dispositifs adapt\u00e9s \u00e0 leurs r\u00e9alit\u00e9s ;<\/li>\n<li>Cr\u00e9er des espaces d\u2019expression et de dialogue pour permettre aux jeunes d\u2019\u00e9changer, de proposer des solutions innovantes et de s\u2019investir dans les d\u00e9bats publics autour de la paix, de la s\u00e9curit\u00e9 et du d\u00e9veloppement.<\/li>\n<\/ol>\n<p>Le programme met un accent particulier sur le bien-\u00eatre global des jeunes, en int\u00e9grant dans ses projets des dimensions li\u00e9es \u00e0 l\u2019\u00e9ducation \u00e0 la paix, \u00e0 la sant\u00e9 mentale, \u00e0 l\u2019insertion socioprofessionnelle, \u00e0 la culture du vivre-ensemble et \u00e0 la r\u00e9silience face aux violences, \u00e0 l\u2019extr\u00e9misme violent et aux diverses formes de marginalisation.<\/p>\n<p>Par cette approche int\u00e9gr\u00e9e, WANEP-TOGO \u0153uvre pour que la jeunesse togolaise ne soit pas per\u00e7ue uniquement comme un groupe vuln\u00e9rable, mais comme une force motrice du changement, un vecteur de transformation sociale et un acteur incontournable de la paix durable au Togo.<\/p>\n","protected":false},"excerpt":{"rendered":"<p>Le Programme \u00ab Jeunesse, Paix et S\u00e9curit\u00e9 \u00bb de WANEP-TOGO s\u2019inscrit dans une dynamique r\u00e9gionale et internationale qui reconna\u00eet le r\u00f4le central des jeunes dans la consolidation de la paix et la promotion de soci\u00e9t\u00e9s stables, justes et inclusives. Fond\u00e9 sur la R\u00e9solution 2250 du Conseil de S\u00e9curit\u00e9 des Nations Unies, ce programme constitue une [&hellip;]<\/p>\n","protected":false},"author":3,"featured_media":0,"parent":0,"menu_order":0,"comment_status":"closed","ping_status":"closed","template":"","meta":{"give_campaign_id":0,"footnotes":""},"class_list":["post-914","page","type-page","status-publish","hentry"],"campaignId":"","_links":{"self":[{"href":"https:\/\/waneptogo.org\/site\/wp-json\/wp\/v2\/pages\/914","targetHints":{"allow":["GET"]}}],"collection":[{"href":"https:\/\/waneptogo.org\/site\/wp-json\/wp\/v2\/pages"}],"about":[{"href":"https:\/\/waneptogo.org\/site\/wp-json\/wp\/v2\/types\/page"}],"author":[{"embeddable":true,"href":"https:\/\/waneptogo.org\/site\/wp-json\/wp\/v2\/users\/3"}],"replies":[{"embeddable":true,"href":"https:\/\/waneptogo.org\/site\/wp-json\/wp\/v2\/comments?post=914"}],"version-history":[{"count":5,"href":"https:\/\/waneptogo.org\/site\/wp-json\/wp\/v2\/pages\/914\/revisions"}],"predecessor-version":[{"id":2174,"href":"https:\/\/waneptogo.org\/site\/wp-json\/wp\/v2\/pages\/914\/revisions\/2174"}],"wp:attachment":[{"href":"https:\/\/waneptogo.org\/site\/wp-json\/wp\/v2\/media?parent=914"}],"curies":[{"name":"wp","href":"https:\/\/api.w.org\/{rel}","templated":true}]}}